{"id":423,"date":"2025-05-30T10:14:09","date_gmt":"2025-05-30T10:14:09","guid":{"rendered":"https:\/\/www.upbeat-gauss.217-173-238-18.plesk.page\/?page_id=423"},"modified":"2025-06-16T13:05:39","modified_gmt":"2025-06-16T13:05:39","slug":"impressum","status":"publish","type":"page","link":"https:\/\/www.upbeat-gauss.217-173-238-18.plesk.page\/?page_id=423","title":{"rendered":"Impressum"},"content":{"rendered":"\t\t<div data-elementor-type=\"wp-page\" data-elementor-id=\"423\" class=\"elementor elementor-423\" data-elementor-post-type=\"page\">\n\t\t\t\t<div class=\"elementor-element elementor-element-8542d41 e-flex e-con-boxed e-con e-parent\" data-id=\"8542d41\" data-element_type=\"container\" data-e-type=\"container\" data-settings=\"{&quot;background_background&quot;:&quot;classic&quot;}\">\n\t\t\t\t\t<div class=\"e-con-inner\">\n\t\t<div class=\"elementor-element elementor-element-298b05b1 e-con-full e-flex e-con e-child\" data-id=\"298b05b1\" data-element_type=\"container\" data-e-type=\"container\">\n\t\t<div class=\"elementor-element elementor-element-3b49de4d e-con-full e-flex e-con e-child\" data-id=\"3b49de4d\" data-element_type=\"container\" data-e-type=\"container\">\n\t\t\t\t<div class=\"elementor-element elementor-element-7bc7fca3 elementor-widget elementor-widget-heading\" data-id=\"7bc7fca3\" data-element_type=\"widget\" data-e-type=\"widget\" data-widget_type=\"heading.default\">\n\t\t\t\t<div class=\"elementor-widget-container\">\n\t\t\t\t\t<h3 class=\"elementor-heading-title elementor-size-default\">Digital out of Home (DOOH)<\/h3>\t\t\t\t<\/div>\n\t\t\t\t<\/div>\n\t\t\t\t<\/div>\n\t\t\t\t<\/div>\n\t\t\t\t\t<\/div>\n\t\t\t\t<\/div>\n\t\t<div class=\"elementor-element elementor-element-76c05be e-flex e-con-boxed e-con e-parent\" data-id=\"76c05be\" data-element_type=\"container\" data-e-type=\"container\">\n\t\t\t\t\t<div class=\"e-con-inner\">\n\t\t\t\t<div class=\"elementor-element elementor-element-50ce2ec elementor-widget elementor-widget-text-editor\" data-id=\"50ce2ec\" data-element_type=\"widget\" data-e-type=\"widget\" data-widget_type=\"text-editor.default\">\n\t\t\t\t<div class=\"elementor-widget-container\">\n\t\t\t\t\t\t\t\t\t<p><em><strong>Inhaber \/ Betreiber:<\/strong><\/em><\/p><p><strong>TrendMedia Anstalt<\/strong><br \/>Essanestrasse 127<br \/>LI-9492 Eschen | Liechtenstein | Europe<\/p><p>Tel.: +423 384 2840<br \/>Fax: +423 384 3667<\/p><p>Email:\u00a0<strong>office@unseredomain.li<\/strong><br \/>(bitte ersetzen sie \u201cunseredomain\u201d durch \u201ctrendmedia\u201d)<\/p><p><strong>TrendMedia GmbH<\/strong><br \/>Eduard-Bodem-Gasse 2<br \/>6020 Innsbruck<br \/>A-6020 Innsbruck | Austria | Europe<\/p><p>UID-Nr.: ATU65671178<\/p><p>Tel.:+43 512 315182<\/p><p>Email:\u00a0<strong>office@unseredomain.co.at<\/strong><br \/>(bitte ersetzen sie \u201cunseredomain\u201d durch \u201ctrendmedia\u201d)<\/p><p><em><strong>Bildrechte:<\/strong><\/em><\/p><p>Das auf dieser Internetseite dargestellte Bildmaterial ist urheberrechtlich gesch\u00fctzt und nicht bindend.<\/p><p>\u00a9 TrendMedia GmbH<br \/>Alle Rechte vorbehalten.<\/p><p><em><strong>Haftung:<\/strong><\/em><\/p><p>S\u00e4mtliche Inhalte wurden sorgf\u00e4ltig gepr\u00fcft. Dessen ungeachtet kann keine Garantie f\u00fcr Richtigkeit, Vollst\u00e4ndigkeit oder Aktualit\u00e4t der Angaben \u00fcbernommen werden.<\/p><p><em><strong>Copyright:<\/strong><\/em><\/p><p>S\u00e4mtliche Texte, Grafiken und Bilder sind urheberrechtlich gesch\u00fctzt. Eine Weiterverwendung ist nur mit Genehmigung der Firma TrendMedia zul\u00e4ssig.<\/p><p><em><strong>Google:<\/strong><\/em><\/p><p>Diese Website benutzt Google Analytics, einen Webanalysedienst der Google Inc. (\u201eGoogle\u201c). Google Analytics verwendet sog. \u201eCookies\u201c, Textdateien, die auf Ihrem Computer gespeichert werden und die eine Analyse der Benutzung der Website durch Sie erm\u00f6glichen. Die durch das Cookie erzeugten Informationen \u00fcber Ihre Benutzung dieser Website werden in der Regel an einen Server von Google in den USA \u00fcbertragen und dort gespeichert. Im Falle der Aktivierung der IP-Anonymisierung auf dieser Website, wird Ihre IP-Adresse von Google jedoch innerhalb von Mitgliedstaaten der Europ\u00e4ischen Union oder in anderen Vertragsstaaten des Abkommens \u00fcber den Europ\u00e4ischen Wirtschaftsraum zuvor gek\u00fcrzt. Nur in Ausnahmef\u00e4llen wird die volle IP-Adresse an einen Server von Google in den USA \u00fcbertragen und dort gek\u00fcrzt. Im Auftrag des Betreibers dieser Website wird Google diese Informationen benutzen, um Ihre Nutzung der Website auszuwerten, um Reports \u00fcber die Websiteaktivit\u00e4ten zusammenzustellen und um weitere mit der Websitenutzung und der Internetnutzung verbundene Dienstleistungen gegen\u00fcber dem Websitebetreiber zu erbringen. Die im Rahmen von Google Analytics von Ihrem Browser \u00fcbermittelte IP-Adresse wird nicht mit anderen Daten von Google zusammengef\u00fchrt. Sie k\u00f6nnen die Speicherung der Cookies durch eine entsprechende Einstellung Ihrer Browser-Software verhindern; wir weisen Sie jedoch darauf hin, dass Sie in diesem Fall gegebenenfalls nicht s\u00e4mtliche Funktionen dieser Website vollumf\u00e4nglich werden nutzen k\u00f6nnen. Sie k\u00f6nnen dar\u00fcber hinaus die Erfassung der durch das Cookie erzeugten und auf Ihre Nutzung der Website bezogenen Daten (inkl. Ihrer IP-Adresse) an Google sowie die Verarbeitung dieser Daten durch Google verhindern, indem Sie das unter dem folgenden Link (http:\/\/tools.google.com\/dlpage\/gaoptout?hl=de) verf\u00fcgbare Browser-Plugin herunterladen und installieren.<\/p>\t\t\t\t\t\t\t\t<\/div>\n\t\t\t\t<\/div>\n\t\t\t\t\t<\/div>\n\t\t\t\t<\/div>\n\t\t\t\t<\/div>\n\t\t","protected":false},"excerpt":{"rendered":"<p>Digital out of Home (DOOH) Inhaber \/ Betreiber: TrendMedia AnstaltEssanestrasse 127LI-9492 Eschen | Liechtenstein | Europe Tel.: +423 384 2840Fax: +423 384 3667 Email:\u00a0office@unseredomain.li(bitte ersetzen sie \u201cunseredomain\u201d durch \u201ctrendmedia\u201d) TrendMedia GmbHEduard-Bodem-Gasse 26020 InnsbruckA-6020 Innsbruck | Austria | Europe UID-Nr.: ATU65671178 Tel.:+43 512 315182 Email:\u00a0office@unseredomain.co.at(bitte ersetzen sie \u201cunseredomain\u201d durch \u201ctrendmedia\u201d) Bildrechte: Das auf dieser Internetseite dargestellte [&hellip;]<\/p>\n","protected":false},"author":1,"featured_media":22,"parent":0,"menu_order":0,"comment_status":"closed","ping_status":"closed","template":"","meta":{"ocean_post_layout":"full-screen","ocean_both_sidebars_style":"","ocean_both_sidebars_content_width":0,"ocean_both_sidebars_sidebars_width":0,"ocean_sidebar":"","ocean_second_sidebar":"","ocean_disable_margins":"enable","ocean_add_body_class":"","ocean_shortcode_before_top_bar":"","ocean_shortcode_after_top_bar":"","ocean_shortcode_before_header":"","ocean_shortcode_after_header":"","ocean_has_shortcode":"","ocean_shortcode_after_title":"","ocean_shortcode_before_footer_widgets":"","ocean_shortcode_after_footer_widgets":"","ocean_shortcode_before_footer_bottom":"","ocean_shortcode_after_footer_bottom":"","ocean_display_top_bar":"off","ocean_display_header":"default","ocean_header_style":"","ocean_center_header_left_menu":"","ocean_custom_header_template":"","ocean_custom_logo":0,"ocean_custom_retina_logo":0,"ocean_custom_logo_max_width":0,"ocean_custom_logo_tablet_max_width":0,"ocean_custom_logo_mobile_max_width":0,"ocean_custom_logo_max_height":0,"ocean_custom_logo_tablet_max_height":0,"ocean_custom_logo_mobile_max_height":0,"ocean_header_custom_menu":"","ocean_menu_typo_font_family":"","ocean_menu_typo_font_subset":"","ocean_menu_typo_font_size":0,"ocean_menu_typo_font_size_tablet":0,"ocean_menu_typo_font_size_mobile":0,"ocean_menu_typo_font_size_unit":"px","ocean_menu_typo_font_weight":"","ocean_menu_typo_font_weight_tablet":"","ocean_menu_typo_font_weight_mobile":"","ocean_menu_typo_transform":"","ocean_menu_typo_transform_tablet":"","ocean_menu_typo_transform_mobile":"","ocean_menu_typo_line_height":0,"ocean_menu_typo_line_height_tablet":0,"ocean_menu_typo_line_height_mobile":0,"ocean_menu_typo_line_height_unit":"","ocean_menu_typo_spacing":0,"ocean_menu_typo_spacing_tablet":0,"ocean_menu_typo_spacing_mobile":0,"ocean_menu_typo_spacing_unit":"","ocean_menu_link_color":"","ocean_menu_link_color_hover":"","ocean_menu_link_color_active":"","ocean_menu_link_background":"","ocean_menu_link_hover_background":"","ocean_menu_link_active_background":"","ocean_menu_social_links_bg":"","ocean_menu_social_hover_links_bg":"","ocean_menu_social_links_color":"","ocean_menu_social_hover_links_color":"","ocean_disable_title":"on","ocean_disable_heading":"default","ocean_post_title":"","ocean_post_subheading":"","ocean_post_title_style":"","ocean_post_title_background_color":"","ocean_post_title_background":0,"ocean_post_title_bg_image_position":"","ocean_post_title_bg_image_attachment":"","ocean_post_title_bg_image_repeat":"","ocean_post_title_bg_image_size":"","ocean_post_title_height":0,"ocean_post_title_bg_overlay":0.5,"ocean_post_title_bg_overlay_color":"","ocean_disable_breadcrumbs":"default","ocean_breadcrumbs_color":"","ocean_breadcrumbs_separator_color":"","ocean_breadcrumbs_links_color":"","ocean_breadcrumbs_links_hover_color":"","ocean_display_footer_widgets":"off","ocean_display_footer_bottom":"on","ocean_custom_footer_template":"","footnotes":""},"class_list":["post-423","page","type-page","status-publish","has-post-thumbnail","hentry","entry","has-media"],"yoast_head":"<!-- This site is optimized with the Yoast SEO plugin v27.4 - https:\/\/yoast.com\/product\/yoast-seo-wordpress\/ -->\n<title>Impressum - TrendMedia<\/title>\n<meta name=\"description\" content=\"TrendMedia Impressum \u2013 alle rechtlichen Angaben zu Betreiber, Kontakt &amp; Unternehmensdaten gem\u00e4\u00df \u00a7 5 ECG auf einen Blick.\" \/>\n<meta name=\"robots\" content=\"noindex, follow, max-snippet:-1, max-image-preview:large, max-video-preview:-1\" \/>\n<meta property=\"og:locale\" content=\"de_DE\" \/>\n<meta property=\"og:type\" content=\"article\" \/>\n<meta property=\"og:title\" content=\"Impressum - TrendMedia\" \/>\n<meta property=\"og:description\" content=\"TrendMedia Impressum \u2013 alle rechtlichen Angaben zu Betreiber, Kontakt &amp; Unternehmensdaten gem\u00e4\u00df \u00a7 5 ECG auf einen Blick.\" \/>\n<meta property=\"og:url\" content=\"https:\/\/www.upbeat-gauss.217-173-238-18.plesk.page\/?page_id=423\" \/>\n<meta property=\"og:site_name\" content=\"TrendMedia\" \/>\n<meta property=\"article:modified_time\" content=\"2025-06-16T13:05:39+00:00\" \/>\n<meta property=\"og:image\" content=\"https:\/\/www.upbeat-gauss.217-173-238-18.plesk.page\/wp-content\/uploads\/2025\/05\/LED-Werbeleuchttafel-Trendmedia.jpg\" \/>\n\t<meta property=\"og:image:width\" content=\"1024\" \/>\n\t<meta property=\"og:image:height\" content=\"683\" \/>\n\t<meta property=\"og:image:type\" content=\"image\/jpeg\" \/>\n<meta name=\"twitter:card\" content=\"summary_large_image\" \/>\n<meta name=\"twitter:label1\" content=\"Gesch\u00e4tzte Lesezeit\" \/>\n\t<meta name=\"twitter:data1\" content=\"3\u00a0Minuten\" \/>\n<script type=\"application\/ld+json\" class=\"yoast-schema-graph\">{\"@context\":\"https:\\\/\\\/schema.org\",\"@graph\":[{\"@type\":\"WebPage\",\"@id\":\"https:\\\/\\\/www.upbeat-gauss.217-173-238-18.plesk.page\\\/?page_id=423\",\"url\":\"https:\\\/\\\/www.upbeat-gauss.217-173-238-18.plesk.page\\\/?page_id=423\",\"name\":\"Impressum - TrendMedia\",\"isPartOf\":{\"@id\":\"https:\\\/\\\/www.upbeat-gauss.217-173-238-18.plesk.page\\\/#website\"},\"primaryImageOfPage\":{\"@id\":\"https:\\\/\\\/www.upbeat-gauss.217-173-238-18.plesk.page\\\/?page_id=423#primaryimage\"},\"image\":{\"@id\":\"https:\\\/\\\/www.upbeat-gauss.217-173-238-18.plesk.page\\\/?page_id=423#primaryimage\"},\"thumbnailUrl\":\"https:\\\/\\\/www.upbeat-gauss.217-173-238-18.plesk.page\\\/wp-content\\\/uploads\\\/2025\\\/05\\\/LED-Werbeleuchttafel-Trendmedia.jpg\",\"datePublished\":\"2025-05-30T10:14:09+00:00\",\"dateModified\":\"2025-06-16T13:05:39+00:00\",\"description\":\"TrendMedia Impressum \u2013 alle rechtlichen Angaben zu Betreiber, Kontakt & Unternehmensdaten gem\u00e4\u00df \u00a7 5 ECG auf einen Blick.\",\"breadcrumb\":{\"@id\":\"https:\\\/\\\/www.upbeat-gauss.217-173-238-18.plesk.page\\\/?page_id=423#breadcrumb\"},\"inLanguage\":\"de\",\"potentialAction\":[{\"@type\":\"ReadAction\",\"target\":[\"https:\\\/\\\/www.upbeat-gauss.217-173-238-18.plesk.page\\\/?page_id=423\"]}]},{\"@type\":\"ImageObject\",\"inLanguage\":\"de\",\"@id\":\"https:\\\/\\\/www.upbeat-gauss.217-173-238-18.plesk.page\\\/?page_id=423#primaryimage\",\"url\":\"https:\\\/\\\/www.upbeat-gauss.217-173-238-18.plesk.page\\\/wp-content\\\/uploads\\\/2025\\\/05\\\/LED-Werbeleuchttafel-Trendmedia.jpg\",\"contentUrl\":\"https:\\\/\\\/www.upbeat-gauss.217-173-238-18.plesk.page\\\/wp-content\\\/uploads\\\/2025\\\/05\\\/LED-Werbeleuchttafel-Trendmedia.jpg\",\"width\":1024,\"height\":683,\"caption\":\"TrendMedia LED-Werbeleuchttafel West\u00f6sterreich\"},{\"@type\":\"BreadcrumbList\",\"@id\":\"https:\\\/\\\/www.upbeat-gauss.217-173-238-18.plesk.page\\\/?page_id=423#breadcrumb\",\"itemListElement\":[{\"@type\":\"ListItem\",\"position\":1,\"name\":\"Startseite\",\"item\":\"https:\\\/\\\/www.upbeat-gauss.217-173-238-18.plesk.page\\\/\"},{\"@type\":\"ListItem\",\"position\":2,\"name\":\"Impressum\"}]},{\"@type\":\"WebSite\",\"@id\":\"https:\\\/\\\/www.upbeat-gauss.217-173-238-18.plesk.page\\\/#website\",\"url\":\"https:\\\/\\\/www.upbeat-gauss.217-173-238-18.plesk.page\\\/\",\"name\":\"TrendMedia\",\"description\":\"LED Screens in Tirol und Vorarlberg\",\"publisher\":{\"@id\":\"https:\\\/\\\/www.upbeat-gauss.217-173-238-18.plesk.page\\\/#organization\"},\"potentialAction\":[{\"@type\":\"SearchAction\",\"target\":{\"@type\":\"EntryPoint\",\"urlTemplate\":\"https:\\\/\\\/www.upbeat-gauss.217-173-238-18.plesk.page\\\/?s={search_term_string}\"},\"query-input\":{\"@type\":\"PropertyValueSpecification\",\"valueRequired\":true,\"valueName\":\"search_term_string\"}}],\"inLanguage\":\"de\"},{\"@type\":\"Organization\",\"@id\":\"https:\\\/\\\/www.upbeat-gauss.217-173-238-18.plesk.page\\\/#organization\",\"name\":\"TrendMedia\",\"url\":\"https:\\\/\\\/www.upbeat-gauss.217-173-238-18.plesk.page\\\/\",\"logo\":{\"@type\":\"ImageObject\",\"inLanguage\":\"de\",\"@id\":\"https:\\\/\\\/www.upbeat-gauss.217-173-238-18.plesk.page\\\/#\\\/schema\\\/logo\\\/image\\\/\",\"url\":\"https:\\\/\\\/www.upbeat-gauss.217-173-238-18.plesk.page\\\/wp-content\\\/uploads\\\/2025\\\/05\\\/cropped-logo-trend.png\",\"contentUrl\":\"https:\\\/\\\/www.upbeat-gauss.217-173-238-18.plesk.page\\\/wp-content\\\/uploads\\\/2025\\\/05\\\/cropped-logo-trend.png\",\"width\":412,\"height\":52,\"caption\":\"TrendMedia\"},\"image\":{\"@id\":\"https:\\\/\\\/www.upbeat-gauss.217-173-238-18.plesk.page\\\/#\\\/schema\\\/logo\\\/image\\\/\"}}]}<\/script>\n<!-- \/ Yoast SEO plugin. -->","yoast_head_json":{"title":"Impressum - TrendMedia","description":"TrendMedia Impressum \u2013 alle rechtlichen Angaben zu Betreiber, Kontakt & Unternehmensdaten gem\u00e4\u00df \u00a7 5 ECG auf einen Blick.","robots":{"index":"noindex","follow":"follow","max-snippet":"max-snippet:-1","max-image-preview":"max-image-preview:large","max-video-preview":"max-video-preview:-1"},"og_locale":"de_DE","og_type":"article","og_title":"Impressum - TrendMedia","og_description":"TrendMedia Impressum \u2013 alle rechtlichen Angaben zu Betreiber, Kontakt & Unternehmensdaten gem\u00e4\u00df \u00a7 5 ECG auf einen Blick.","og_url":"https:\/\/www.upbeat-gauss.217-173-238-18.plesk.page\/?page_id=423","og_site_name":"TrendMedia","article_modified_time":"2025-06-16T13:05:39+00:00","og_image":[{"width":1024,"height":683,"url":"https:\/\/www.upbeat-gauss.217-173-238-18.plesk.page\/wp-content\/uploads\/2025\/05\/LED-Werbeleuchttafel-Trendmedia.jpg","type":"image\/jpeg"}],"twitter_card":"summary_large_image","twitter_misc":{"Gesch\u00e4tzte Lesezeit":"3\u00a0Minuten"},"schema":{"@context":"https:\/\/schema.org","@graph":[{"@type":"WebPage","@id":"https:\/\/www.upbeat-gauss.217-173-238-18.plesk.page\/?page_id=423","url":"https:\/\/www.upbeat-gauss.217-173-238-18.plesk.page\/?page_id=423","name":"Impressum - TrendMedia","isPartOf":{"@id":"https:\/\/www.upbeat-gauss.217-173-238-18.plesk.page\/#website"},"primaryImageOfPage":{"@id":"https:\/\/www.upbeat-gauss.217-173-238-18.plesk.page\/?page_id=423#primaryimage"},"image":{"@id":"https:\/\/www.upbeat-gauss.217-173-238-18.plesk.page\/?page_id=423#primaryimage"},"thumbnailUrl":"https:\/\/www.upbeat-gauss.217-173-238-18.plesk.page\/wp-content\/uploads\/2025\/05\/LED-Werbeleuchttafel-Trendmedia.jpg","datePublished":"2025-05-30T10:14:09+00:00","dateModified":"2025-06-16T13:05:39+00:00","description":"TrendMedia Impressum \u2013 alle rechtlichen Angaben zu Betreiber, Kontakt & Unternehmensdaten gem\u00e4\u00df \u00a7 5 ECG auf einen Blick.","breadcrumb":{"@id":"https:\/\/www.upbeat-gauss.217-173-238-18.plesk.page\/?page_id=423#breadcrumb"},"inLanguage":"de","potentialAction":[{"@type":"ReadAction","target":["https:\/\/www.upbeat-gauss.217-173-238-18.plesk.page\/?page_id=423"]}]},{"@type":"ImageObject","inLanguage":"de","@id":"https:\/\/www.upbeat-gauss.217-173-238-18.plesk.page\/?page_id=423#primaryimage","url":"https:\/\/www.upbeat-gauss.217-173-238-18.plesk.page\/wp-content\/uploads\/2025\/05\/LED-Werbeleuchttafel-Trendmedia.jpg","contentUrl":"https:\/\/www.upbeat-gauss.217-173-238-18.plesk.page\/wp-content\/uploads\/2025\/05\/LED-Werbeleuchttafel-Trendmedia.jpg","width":1024,"height":683,"caption":"TrendMedia LED-Werbeleuchttafel West\u00f6sterreich"},{"@type":"BreadcrumbList","@id":"https:\/\/www.upbeat-gauss.217-173-238-18.plesk.page\/?page_id=423#breadcrumb","itemListElement":[{"@type":"ListItem","position":1,"name":"Startseite","item":"https:\/\/www.upbeat-gauss.217-173-238-18.plesk.page\/"},{"@type":"ListItem","position":2,"name":"Impressum"}]},{"@type":"WebSite","@id":"https:\/\/www.upbeat-gauss.217-173-238-18.plesk.page\/#website","url":"https:\/\/www.upbeat-gauss.217-173-238-18.plesk.page\/","name":"TrendMedia","description":"LED Screens in Tirol und Vorarlberg","publisher":{"@id":"https:\/\/www.upbeat-gauss.217-173-238-18.plesk.page\/#organization"},"potentialAction":[{"@type":"SearchAction","target":{"@type":"EntryPoint","urlTemplate":"https:\/\/www.upbeat-gauss.217-173-238-18.plesk.page\/?s={search_term_string}"},"query-input":{"@type":"PropertyValueSpecification","valueRequired":true,"valueName":"search_term_string"}}],"inLanguage":"de"},{"@type":"Organization","@id":"https:\/\/www.upbeat-gauss.217-173-238-18.plesk.page\/#organization","name":"TrendMedia","url":"https:\/\/www.upbeat-gauss.217-173-238-18.plesk.page\/","logo":{"@type":"ImageObject","inLanguage":"de","@id":"https:\/\/www.upbeat-gauss.217-173-238-18.plesk.page\/#\/schema\/logo\/image\/","url":"https:\/\/www.upbeat-gauss.217-173-238-18.plesk.page\/wp-content\/uploads\/2025\/05\/cropped-logo-trend.png","contentUrl":"https:\/\/www.upbeat-gauss.217-173-238-18.plesk.page\/wp-content\/uploads\/2025\/05\/cropped-logo-trend.png","width":412,"height":52,"caption":"TrendMedia"},"image":{"@id":"https:\/\/www.upbeat-gauss.217-173-238-18.plesk.page\/#\/schema\/logo\/image\/"}}]}},"_links":{"self":[{"href":"https:\/\/www.upbeat-gauss.217-173-238-18.plesk.page\/index.php?rest_route=\/wp\/v2\/pages\/423","targetHints":{"allow":["GET"]}}],"collection":[{"href":"https:\/\/www.upbeat-gauss.217-173-238-18.plesk.page\/index.php?rest_route=\/wp\/v2\/pages"}],"about":[{"href":"https:\/\/www.upbeat-gauss.217-173-238-18.plesk.page\/index.php?rest_route=\/wp\/v2\/types\/page"}],"author":[{"embeddable":true,"href":"https:\/\/www.upbeat-gauss.217-173-238-18.plesk.page\/index.php?rest_route=\/wp\/v2\/users\/1"}],"replies":[{"embeddable":true,"href":"https:\/\/www.upbeat-gauss.217-173-238-18.plesk.page\/index.php?rest_route=%2Fwp%2Fv2%2Fcomments&post=423"}],"version-history":[{"count":0,"href":"https:\/\/www.upbeat-gauss.217-173-238-18.plesk.page\/index.php?rest_route=\/wp\/v2\/pages\/423\/revisions"}],"wp:featuredmedia":[{"embeddable":true,"href":"https:\/\/www.upbeat-gauss.217-173-238-18.plesk.page\/index.php?rest_route=\/wp\/v2\/media\/22"}],"wp:attachment":[{"href":"https:\/\/www.upbeat-gauss.217-173-238-18.plesk.page\/index.php?rest_route=%2Fwp%2Fv2%2Fmedia&parent=423"}],"curies":[{"name":"wp","href":"https:\/\/api.w.org\/{rel}","templated":true}]}}